{"id":939,"date":"2021-05-18T21:38:55","date_gmt":"2021-05-18T19:38:55","guid":{"rendered":"https:\/\/www.respide.fr\/vin\/sin%20categor\u00eda\/callipyge-blanc\/"},"modified":"2025-01-23T10:55:29","modified_gmt":"2025-01-23T09:55:29","slug":"callipyge-blanco","status":"publish","type":"product","link":"https:\/\/www.respide.fr\/es\/vin\/nuestros-vinos\/callipyge-blanco\/","title":{"rendered":"Cuv\u00e9e Callipyge blanco"},"content":{"rendered":"<p align=\"justify\">Cuv\u00e9e blanco confidencial de alta gama de Respide, compuesto de Sauvignon Blanc y de Semillon.<\/p>\n<p align=\"justify\">Fermentaci\u00f3n en barrica, el vino envejece de 6 a 8 meses en el mismo recipiente. Vino blanco para gastronom\u00eda de color amarillo claro con reflejos grises, este cuv\u00e9e ofrece una nariz marcada por tioles ex\u00f3ticos y especias dulces. En boca muestra mucho volumen y tensi\u00f3n en el ataque, luego revela un elegante amargor en el final.<\/p>\n","protected":false},"excerpt":{"rendered":"<p>Cuv\u00e9e blanco confidencial de alta gama de Respide, compuesto de Sauvignon Blanc y de Semillon. Fermentaci\u00f3n en barrica, el vino envejece de 6 a 8 meses en el mismo recipiente. Vino blanco para gastronom\u00eda de color amarillo claro con reflejos grises, este cuv\u00e9e ofrece una nariz marcada por tioles ex\u00f3ticos y especias dulces. En boca [&hellip;]<\/p>\n","protected":false},"featured_media":23523,"template":"","meta":{"_acf_changed":false,"_seopress_robots_primary_cat":"none","_seopress_titles_title":"Ch\u00e2teau de Respide : Cuv\u00e9e Callipyge Blanc AOC Graves","_seopress_titles_desc":"Vin blanc de gastronomie , cette cuv\u00e9e blanche confidentielle et haut de gamme de Respide, offre un moment de d\u00e9gustation inoubliable.","_seopress_robots_index":"","inline_featured_image":false},"product_brand":[],"product_cat":[44,48],"product_tag":[],"class_list":{"0":"post-939","1":"product","2":"type-product","3":"status-publish","4":"has-post-thumbnail","6":"product_cat-nuestros-vinos","7":"product_cat-vin_carousel-es","9":"first","10":"instock","11":"taxable","12":"shipping-taxable","13":"purchasable","14":"product-type-variable","15":"has-default-attributes"},"acf":[],"_links":{"self":[{"href":"https:\/\/www.respide.fr\/es\/wp-json\/wp\/v2\/product\/939","targetHints":{"allow":["GET"]}}],"collection":[{"href":"https:\/\/www.respide.fr\/es\/wp-json\/wp\/v2\/product"}],"about":[{"href":"https:\/\/www.respide.fr\/es\/wp-json\/wp\/v2\/types\/product"}],"wp:featuredmedia":[{"embeddable":true,"href":"https:\/\/www.respide.fr\/es\/wp-json\/wp\/v2\/media\/23523"}],"wp:attachment":[{"href":"https:\/\/www.respide.fr\/es\/wp-json\/wp\/v2\/media?parent=939"}],"wp:term":[{"taxonomy":"product_brand","embeddable":true,"href":"https:\/\/www.respide.fr\/es\/wp-json\/wp\/v2\/product_brand?post=939"},{"taxonomy":"product_cat","embeddable":true,"href":"https:\/\/www.respide.fr\/es\/wp-json\/wp\/v2\/product_cat?post=939"},{"taxonomy":"product_tag","embeddable":true,"href":"https:\/\/www.respide.fr\/es\/wp-json\/wp\/v2\/product_tag?post=939"}],"curies":[{"name":"wp","href":"https:\/\/api.w.org\/{rel}","templated":true}]}}