{"id":3276,"date":"2022-01-28T15:36:10","date_gmt":"2022-01-31T10:22:38","guid":{"rendered":"https:\/\/www.respide.fr\/?post_type=product&#038;p=3276"},"modified":"2025-01-15T17:04:06","modified_gmt":"2025-01-15T16:04:06","slug":"el-drop-de-respide-blanco","status":"publish","type":"product","link":"https:\/\/www.respide.fr\/es\/vin\/nuestros-vinos\/drop-es\/el-drop-de-respide-blanco\/","title":{"rendered":"El Drop de Respide blanco"},"content":{"rendered":"<p><span style=\"font-weight: 400;\">\u00a0Al crear esta cuv\u00e9e Le Drop, Ch\u00e2teau de Respide rinde homenaje a la cultura y al terroir del Suroeste de Francia, origen de la denominaci\u00f3n Graves.\u00a0<\/span><\/p>\n<p><span style=\"font-weight: 400;\">Arom\u00e1tica, suave y elegante, esta cuv\u00e9e proviene de parcelas de gravas profundas tra\u00eddas por el rio Garona, que aportan toda su riqueza y su finura al vino.<\/span><\/p>\n<p><span style=\"font-weight: 400;\">Suave y sabroso, Le Drop de Respide blanco es un vino ideal para un aperitivo con amigos, en un ambiente relajado.<\/span><\/p>\n","protected":false},"excerpt":{"rendered":"<p>\u00a0Al crear esta cuv\u00e9e Le Drop, Ch\u00e2teau de Respide rinde homenaje a la cultura y al terroir del Suroeste de Francia, origen de la denominaci\u00f3n Graves.\u00a0 Arom\u00e1tica, suave y elegante, esta cuv\u00e9e proviene de parcelas de gravas profundas tra\u00eddas por el rio Garona, que aportan toda su riqueza y su finura al vino. Suave y [&hellip;]<\/p>\n","protected":false},"featured_media":23414,"template":"","meta":{"_acf_changed":false,"_seopress_robots_primary_cat":"none","_seopress_titles_title":"","_seopress_titles_desc":"","_seopress_robots_index":"","inline_featured_image":false},"product_brand":[],"product_cat":[73,44,48],"product_tag":[],"class_list":{"0":"post-3276","1":"product","2":"type-product","3":"status-publish","4":"has-post-thumbnail","6":"product_cat-drop-es","7":"product_cat-nuestros-vinos","8":"product_cat-vin_carousel-es","10":"first","11":"instock","12":"taxable","13":"shipping-taxable","14":"purchasable","15":"product-type-variable"},"acf":[],"_links":{"self":[{"href":"https:\/\/www.respide.fr\/es\/wp-json\/wp\/v2\/product\/3276","targetHints":{"allow":["GET"]}}],"collection":[{"href":"https:\/\/www.respide.fr\/es\/wp-json\/wp\/v2\/product"}],"about":[{"href":"https:\/\/www.respide.fr\/es\/wp-json\/wp\/v2\/types\/product"}],"wp:featuredmedia":[{"embeddable":true,"href":"https:\/\/www.respide.fr\/es\/wp-json\/wp\/v2\/media\/23414"}],"wp:attachment":[{"href":"https:\/\/www.respide.fr\/es\/wp-json\/wp\/v2\/media?parent=3276"}],"wp:term":[{"taxonomy":"product_brand","embeddable":true,"href":"https:\/\/www.respide.fr\/es\/wp-json\/wp\/v2\/product_brand?post=3276"},{"taxonomy":"product_cat","embeddable":true,"href":"https:\/\/www.respide.fr\/es\/wp-json\/wp\/v2\/product_cat?post=3276"},{"taxonomy":"product_tag","embeddable":true,"href":"https:\/\/www.respide.fr\/es\/wp-json\/wp\/v2\/product_tag?post=3276"}],"curies":[{"name":"wp","href":"https:\/\/api.w.org\/{rel}","templated":true}]}}