{"id":23491,"date":"2025-01-20T16:59:48","date_gmt":"2025-01-20T15:59:48","guid":{"rendered":"https:\/\/www.respide.fr\/vin\/sin%20categor\u00eda\/renavida\/"},"modified":"2025-01-29T17:57:06","modified_gmt":"2025-01-29T16:57:06","slug":"renavida","status":"publish","type":"product","link":"https:\/\/www.respide.fr\/es\/vin\/nuestros-vinos\/renavida\/","title":{"rendered":"Renavida"},"content":{"rendered":"<p>\"Renavida\u201d significa \u201cRenacimiento\u201d en occitano. Originaria del Languedoc, la variedad de uva Marselan ama el sol y desarrolla un olor excepcional de garriga y especias. Con el cambio clim\u00e1tico, Ch\u00e2teau de Respide plant\u00f3 1 hect\u00e1rea en 2017 para dar nueva vida a esta variedad de uva en Gironde<\/p>\n","protected":false},"excerpt":{"rendered":"<p>\"Renavida\u201d significa \u201cRenacimiento\u201d en occitano. Originaria del Languedoc, la variedad de uva Marselan ama el sol y desarrolla un olor excepcional de garriga y especias. Con el cambio clim\u00e1tico, Ch\u00e2teau de Respide plant\u00f3 1 hect\u00e1rea en 2017 para dar nueva vida a esta variedad de uva en Gironde<\/p>\n","protected":false},"featured_media":23488,"template":"","meta":{"_acf_changed":false,"_seopress_robots_primary_cat":"none","_seopress_titles_title":"","_seopress_titles_desc":"","_seopress_robots_index":"","inline_featured_image":false},"product_brand":[],"product_cat":[44,48],"product_tag":[],"class_list":{"0":"post-23491","1":"product","2":"type-product","3":"status-publish","4":"has-post-thumbnail","6":"product_cat-nuestros-vinos","7":"product_cat-vin_carousel-es","9":"first","10":"instock","11":"taxable","12":"shipping-taxable","13":"purchasable","14":"product-type-simple"},"acf":[],"_links":{"self":[{"href":"https:\/\/www.respide.fr\/es\/wp-json\/wp\/v2\/product\/23491","targetHints":{"allow":["GET"]}}],"collection":[{"href":"https:\/\/www.respide.fr\/es\/wp-json\/wp\/v2\/product"}],"about":[{"href":"https:\/\/www.respide.fr\/es\/wp-json\/wp\/v2\/types\/product"}],"wp:featuredmedia":[{"embeddable":true,"href":"https:\/\/www.respide.fr\/es\/wp-json\/wp\/v2\/media\/23488"}],"wp:attachment":[{"href":"https:\/\/www.respide.fr\/es\/wp-json\/wp\/v2\/media?parent=23491"}],"wp:term":[{"taxonomy":"product_brand","embeddable":true,"href":"https:\/\/www.respide.fr\/es\/wp-json\/wp\/v2\/product_brand?post=23491"},{"taxonomy":"product_cat","embeddable":true,"href":"https:\/\/www.respide.fr\/es\/wp-json\/wp\/v2\/product_cat?post=23491"},{"taxonomy":"product_tag","embeddable":true,"href":"https:\/\/www.respide.fr\/es\/wp-json\/wp\/v2\/product_tag?post=23491"}],"curies":[{"name":"wp","href":"https:\/\/api.w.org\/{rel}","templated":true}]}}