{"id":1120,"date":"2021-04-21T10:20:28","date_gmt":"2021-04-21T08:20:28","guid":{"rendered":"https:\/\/www.respide.fr\/accueil\/"},"modified":"2025-01-29T17:45:32","modified_gmt":"2025-01-29T16:45:32","slug":"initio","status":"publish","type":"page","link":"https:\/\/www.respide.fr\/es\/","title":{"rendered":"Ch\u00e2teau de Respide"},"content":{"rendered":"","protected":false},"excerpt":{"rendered":"","protected":false},"author":1,"featured_media":662,"parent":0,"menu_order":0,"comment_status":"closed","ping_status":"closed","template":"","meta":{"_acf_changed":false,"_seopress_robots_primary_cat":"","_seopress_titles_title":"Ch\u00e2teau de Respide : Grandes vinos de Graves","_seopress_titles_desc":"Ch\u00e2teau de Respide : Histor\u00eca - Terroirs - La Bodega - Nos Vins. Grandes vinos de Graves desde 1630 \u2013 Descubrir, visitar y ordenar","_seopress_robots_index":"","inline_featured_image":false,"footnotes":""},"class_list":["post-1120","page","type-page","status-publish","has-post-thumbnail"],"acf":[],"_links":{"self":[{"href":"https:\/\/www.respide.fr\/es\/wp-json\/wp\/v2\/pages\/1120","targetHints":{"allow":["GET"]}}],"collection":[{"href":"https:\/\/www.respide.fr\/es\/wp-json\/wp\/v2\/pages"}],"about":[{"href":"https:\/\/www.respide.fr\/es\/wp-json\/wp\/v2\/types\/page"}],"author":[{"embeddable":true,"href":"https:\/\/www.respide.fr\/es\/wp-json\/wp\/v2\/users\/1"}],"replies":[{"embeddable":true,"href":"https:\/\/www.respide.fr\/es\/wp-json\/wp\/v2\/comments?post=1120"}],"version-history":[{"count":1,"href":"https:\/\/www.respide.fr\/es\/wp-json\/wp\/v2\/pages\/1120\/revisions"}],"predecessor-version":[{"id":23569,"href":"https:\/\/www.respide.fr\/es\/wp-json\/wp\/v2\/pages\/1120\/revisions\/23569"}],"wp:featuredmedia":[{"embeddable":true,"href":"https:\/\/www.respide.fr\/es\/wp-json\/wp\/v2\/media\/662"}],"wp:attachment":[{"href":"https:\/\/www.respide.fr\/es\/wp-json\/wp\/v2\/media?parent=1120"}],"curies":[{"name":"wp","href":"https:\/\/api.w.org\/{rel}","templated":true}]}}